{"id":18,"date":"2024-12-25T20:37:01","date_gmt":"2024-12-25T20:37:01","guid":{"rendered":"http:\/\/localhost:8881\/?page_id=13"},"modified":"2025-11-06T17:04:43","modified_gmt":"2025-11-06T14:04:43","slug":"etusivu","status":"publish","type":"page","link":"https:\/\/sef.fi\/","title":{"rendered":"Etusivu"},"content":{"rendered":"\n<div class=\"wp-block-group is-layout-flow wp-block-group-is-layout-flow\">\n<div class=\"wp-block-group is-style-default is-vertical is-content-justification-center is-layout-flex wp-container-core-group-is-layout-b3dc17cf wp-block-group-is-layout-flex\" style=\"padding-top:0;padding-bottom:0\">\n<h2 class=\"wp-block-heading has-text-align-center is-style-default\" style=\"padding-top:0;padding-right:0;padding-bottom:0;padding-left:0\">Tervetuloa SEFFI-varustekuivainsivulle!<\/h2>\n\n\n\n<p class=\"has-text-align-center has-medium-font-size\">Sport Equipment Finland Oy:n valmistama CE-merkitty SEFFI-kuivain on suomalainen urheilujoukkueille, ammattik\u00e4ytt\u00f6\u00f6n ja erilaisille yhteis\u00f6ille suunniteltu laadukas ja turvallinen varustekuivain. Se on tarkoitettu esimerkiksi ty\u00f6- tai urheiluvarusteiden kuivaukseen ja desinfiointiin ja se sopii my\u00f6s herkemmille materiaaleille, kuten goretex. Ajastimen ansioista sill\u00e4 kuivaat helposti keng\u00e4t, monot tai k\u00e4sineet. SEFFI-kuivain kuivaa keng\u00e4t jopa 10 minuutissa!<\/p>\n\n\n\n<p class=\"has-text-align-center\">Tutustu laadukkaisiin SEFFI-kuivaimiimme ja sano hyv\u00e4stit m\u00e4rille varusteille!<\/p>\n\n\n\n<figure data-wp-context=\"{&quot;imageId&quot;:&quot;6a07956c34028&quot;}\" data-wp-interactive=\"core\/image\" data-wp-key=\"6a07956c34028\" class=\"wp-block-image size-full is-resized wp-lightbox-container\"><img loading=\"lazy\" decoding=\"async\" width=\"1600\" height=\"1270\" data-wp-class--hide=\"state.isContentHidden\" data-wp-class--show=\"state.isContentVisible\" data-wp-init=\"callbacks.setButtonStyles\" data-wp-on--click=\"actions.showLightbox\" data-wp-on--load=\"callbacks.setButtonStyles\" data-wp-on-window--resize=\"callbacks.setButtonStyles\" src=\"https:\/\/sef.fi\/test2025\/wp-content\/uploads\/2025\/10\/WhatsApp-Image-2025-10-26-at-16.57.05.jpeg\" alt=\"Seffin messuosasto\" class=\"wp-image-943\" style=\"width:1450px;height:auto\" srcset=\"https:\/\/sef.fi\/wp-content\/uploads\/2025\/10\/WhatsApp-Image-2025-10-26-at-16.57.05.jpeg 1600w, https:\/\/sef.fi\/wp-content\/uploads\/2025\/10\/WhatsApp-Image-2025-10-26-at-16.57.05-300x238.jpeg 300w, https:\/\/sef.fi\/wp-content\/uploads\/2025\/10\/WhatsApp-Image-2025-10-26-at-16.57.05-1024x813.jpeg 1024w, https:\/\/sef.fi\/wp-content\/uploads\/2025\/10\/WhatsApp-Image-2025-10-26-at-16.57.05-768x610.jpeg 768w, https:\/\/sef.fi\/wp-content\/uploads\/2025\/10\/WhatsApp-Image-2025-10-26-at-16.57.05-1536x1219.jpeg 1536w\" sizes=\"auto, (max-width: 1600px) 100vw, 1600px\" \/><button\n\t\t\tclass=\"lightbox-trigger\"\n\t\t\ttype=\"button\"\n\t\t\taria-haspopup=\"dialog\"\n\t\t\taria-label=\"Suurenna\"\n\t\t\tdata-wp-init=\"callbacks.initTriggerButton\"\n\t\t\tdata-wp-on--click=\"actions.showLightbox\"\n\t\t\tdata-wp-style--right=\"state.imageButtonRight\"\n\t\t\tdata-wp-style--top=\"state.imageButtonTop\"\n\t\t>\n\t\t\t<svg xmlns=\"http:\/\/www.w3.org\/2000\/svg\" width=\"12\" height=\"12\" fill=\"none\" viewBox=\"0 0 12 12\">\n\t\t\t\t<path fill=\"#fff\" d=\"M2 0a2 2 0 0 0-2 2v2h1.5V2a.5.5 0 0 1 .5-.5h2V0H2Zm2 10.5H2a.5.5 0 0 1-.5-.5V8H0v2a2 2 0 0 0 2 2h2v-1.5ZM8 12v-1.5h2a.5.5 0 0 0 .5-.5V8H12v2a2 2 0 0 1-2 2H8Zm2-12a2 2 0 0 1 2 2v2h-1.5V2a.5.5 0 0 0-.5-.5H8V0h2Z\" \/>\n\t\t\t<\/svg>\n\t\t<\/button><figcaption class=\"wp-element-caption\">Seffin messuosasto TURVALLISUUS 2025 -messuilla.<\/figcaption><\/figure>\n<\/div>\n<\/div>\n\n\n\n<div style=\"height:21px\" aria-hidden=\"true\" class=\"wp-block-spacer\"><\/div>\n\n\n\n<div class=\"wp-block-group has-contrast-color has-text-color has-link-color wp-elements-19783cb8319b7c8ee48e6f4884f9b233 is-layout-flow wp-container-core-group-is-layout-d5a4a82e wp-block-group-is-layout-flow has-background\" style=\"border-style:none;border-width:0px;border-radius:0px;padding-top:var(--wp--preset--spacing--50);padding-right:var(--wp--preset--spacing--50);padding-bottom:var(--wp--preset--spacing--50);padding-left:var(--wp--preset--spacing--50);font-style:normal;font-weight:400;line-height:1.7;box-shadow:none;background-image:url(&apos;https:\/\/sef.fi\/test2025\/wp-content\/uploads\/2025\/09\/pexels-tony-schnagl-6468935-scaled-1.jpg&apos;);background-position:28.999999999999996% 15%;background-size:auto;\">\n<h2 class=\"wp-block-heading has-text-align-left is-style-text-display has-text-color has-link-color has-large-font-size wp-elements-23a813cf245c4d64dc959bdfa88e3235 is-style-text-display--1\" style=\"border-style:none;border-width:0px;border-radius:0px;color:#0097ff;padding-right:0;padding-left:0\">Katso viimeisimm\u00e4t SEFFI-<a href=\"https:\/\/sef.fi\/test2025\/index.php\/uutiset\/\" data-type=\"page\" data-id=\"140\">uutisemme<\/a>:<\/h2>\n\n\n<ul style=\"color:#0097ff; padding-right:var(--wp--preset--spacing--30);padding-left:var(--wp--preset--spacing--30);padding-top:var(--wp--preset--spacing--30);padding-bottom:var(--wp--preset--spacing--30);margin-top:0;margin-bottom:0;margin-left:0;margin-right:0;\" class=\"wp-block-latest-posts__list has-dates has-link-color wp-elements-083c283f1fc25080015f1b1c4f71cfb8 wp-block-latest-posts has-text-color has-medium-font-size\"><li><a class=\"wp-block-latest-posts__post-title\" href=\"https:\/\/sef.fi\/index.php\/2025\/10\/25\/turvallisuus-2025\/\">TURVALLISUUS 2025<\/a><time datetime=\"2025-10-25T10:59:41+03:00\" class=\"wp-block-latest-posts__post-date\">25 lokakuun, 2025<\/time><\/li>\n<li><a class=\"wp-block-latest-posts__post-title\" href=\"https:\/\/sef.fi\/index.php\/2025\/01\/02\/seffi-tuoteperhe\/\">SEFFI-tuoteperhe<\/a><time datetime=\"2025-01-02T22:02:33+03:00\" class=\"wp-block-latest-posts__post-date\">2 tammikuun, 2025<\/time><\/li>\n<li><a class=\"wp-block-latest-posts__post-title\" href=\"https:\/\/sef.fi\/index.php\/2025\/01\/02\/seffi-video-kuinka-toimii-jaakiekossa\/\">SEFFI-video: Kuinka toimii j\u00e4\u00e4kiekossa<\/a><time datetime=\"2025-01-02T22:02:12+03:00\" class=\"wp-block-latest-posts__post-date\">2 tammikuun, 2025<\/time><\/li>\n<li><a class=\"wp-block-latest-posts__post-title\" href=\"https:\/\/sef.fi\/index.php\/2024\/12\/31\/hiihtomaajoukkueella-seffi-kuivain\/\">Hiihtomaajoukkueella SEFFI-kuivain<\/a><time datetime=\"2024-12-31T10:30:07+03:00\" class=\"wp-block-latest-posts__post-date\">31 joulukuun, 2024<\/time><\/li>\n<\/ul><\/div>\n","protected":false},"excerpt":{"rendered":"<p>Tervetuloa SEFFI-varustekuivainsivulle! Sport Equipment Finland Oy:n valmistama CE-merkitty SEFFI-kuivain on suomalainen urheilujoukkueille, ammattik\u00e4ytt\u00f6\u00f6n ja erilaisille yhteis\u00f6ille suunniteltu laadukas ja turvallinen varustekuivain. Se on tarkoitettu esimerkiksi ty\u00f6- tai urheiluvarusteiden kuivaukseen ja desinfiointiin ja se sopii my\u00f6s herkemmille materiaaleille, kuten goretex. Ajastimen ansioista sill\u00e4 kuivaat helposti keng\u00e4t, monot tai k\u00e4sineet. SEFFI-kuivain kuivaa keng\u00e4t jopa 10 minuutissa! Tutustu [&hellip;]<\/p>\n","protected":false},"author":1,"featured_media":0,"parent":0,"menu_order":0,"comment_status":"closed","ping_status":"closed","template":"page-no-title","meta":{"footnotes":""},"class_list":["post-18","page","type-page","status-publish","hentry"],"jetpack_sharing_enabled":true,"_links":{"self":[{"href":"https:\/\/sef.fi\/index.php\/wp-json\/wp\/v2\/pages\/18","targetHints":{"allow":["GET"]}}],"collection":[{"href":"https:\/\/sef.fi\/index.php\/wp-json\/wp\/v2\/pages"}],"about":[{"href":"https:\/\/sef.fi\/index.php\/wp-json\/wp\/v2\/types\/page"}],"author":[{"embeddable":true,"href":"https:\/\/sef.fi\/index.php\/wp-json\/wp\/v2\/users\/1"}],"replies":[{"embeddable":true,"href":"https:\/\/sef.fi\/index.php\/wp-json\/wp\/v2\/comments?post=18"}],"version-history":[{"count":20,"href":"https:\/\/sef.fi\/index.php\/wp-json\/wp\/v2\/pages\/18\/revisions"}],"predecessor-version":[{"id":1064,"href":"https:\/\/sef.fi\/index.php\/wp-json\/wp\/v2\/pages\/18\/revisions\/1064"}],"wp:attachment":[{"href":"https:\/\/sef.fi\/index.php\/wp-json\/wp\/v2\/media?parent=18"}],"curies":[{"name":"wp","href":"https:\/\/api.w.org\/{rel}","templated":true}]}}