{"id":22,"date":"2024-12-25T20:39:15","date_gmt":"2024-12-25T20:39:15","guid":{"rendered":"http:\/\/localhost:8881\/?page_id=22"},"modified":"2025-11-15T23:29:38","modified_gmt":"2025-11-15T20:29:38","slug":"tietoa","status":"publish","type":"page","link":"https:\/\/sef.fi\/index.php\/tietoa\/","title":{"rendered":"Tietoa"},"content":{"rendered":"\n<div class=\"wp-block-group blog_content has-global-padding is-layout-constrained wp-block-group-is-layout-constrained\" style=\"padding-top:0;padding-bottom:var(--wp--preset--spacing--40)\">\n<h2 class=\"wp-block-heading has-text-align-center\">Historia<\/h2>\n\n\n\n<p>SEF (Sport Equipment Finland Oy) on 2013 syksyll\u00e4 perustettu yritys. Kaikki alkoi JYPin ep\u00e4kuntoisesta hanskankuivaimesta, josta saimme idean tehd\u00e4 j\u00e4\u00e4kiekon pariin kunnollinen hanskankuivain, jonka soveltuvuus muuallekin yll\u00e4tti meid\u00e4t. Kuivain soveltuu p\u00e4iv\u00e4koteihin, rakennusmiehille, palokuntaan, laskettelukeskuksiin ja vaikka mihin!<\/p>\n\n\n\n<p>Ensimm\u00e4iset prototyypit saimme valmiiksi syyskuussa 2013. Tuotemerkki SEFFI tuleekin yrityksemme nimest\u00e4, Sport Equipment Finland Oy.<\/p>\n\n\n\n<hr class=\"wp-block-separator has-alpha-channel-opacity\"\/>\n<\/div>\n\n\n\n<div class=\"wp-block-group blog_content has-global-padding is-layout-constrained wp-block-group-is-layout-constrained\" style=\"padding-top:0;padding-bottom:var(--wp--preset--spacing--40)\">\n<h2 class=\"wp-block-heading has-text-align-center\">Referenssit<\/h2>\n\n\n\n<figure class=\"wp-block-image size-full\"><img loading=\"lazy\" decoding=\"async\" width=\"780\" height=\"540\" src=\"https:\/\/sef.fi\/test2025\/test2025\/wp-content\/uploads\/2025\/10\/pelastusmessut-powerpoint.002.jpeg\" alt=\"\" class=\"wp-image-796\" srcset=\"https:\/\/sef.fi\/wp-content\/uploads\/2025\/10\/pelastusmessut-powerpoint.002.jpeg 780w, https:\/\/sef.fi\/wp-content\/uploads\/2025\/10\/pelastusmessut-powerpoint.002-300x208.jpeg 300w, https:\/\/sef.fi\/wp-content\/uploads\/2025\/10\/pelastusmessut-powerpoint.002-768x532.jpeg 768w\" sizes=\"auto, (max-width: 780px) 100vw, 780px\" \/><\/figure>\n\n\n\n<figure class=\"wp-block-image size-full\"><img loading=\"lazy\" decoding=\"async\" width=\"780\" height=\"540\" src=\"https:\/\/sef.fi\/test2025\/test2025\/wp-content\/uploads\/2025\/10\/pelastusmessut-powerpoint.001.jpeg\" alt=\"\" class=\"wp-image-795\" srcset=\"https:\/\/sef.fi\/wp-content\/uploads\/2025\/10\/pelastusmessut-powerpoint.001.jpeg 780w, https:\/\/sef.fi\/wp-content\/uploads\/2025\/10\/pelastusmessut-powerpoint.001-300x208.jpeg 300w, https:\/\/sef.fi\/wp-content\/uploads\/2025\/10\/pelastusmessut-powerpoint.001-768x532.jpeg 768w\" sizes=\"auto, (max-width: 780px) 100vw, 780px\" \/><\/figure>\n<\/div>\n","protected":false},"excerpt":{"rendered":"<p>Historia SEF (Sport Equipment Finland Oy) on 2013 syksyll\u00e4 perustettu yritys. Kaikki alkoi JYPin ep\u00e4kuntoisesta hanskankuivaimesta, josta saimme idean tehd\u00e4 j\u00e4\u00e4kiekon pariin kunnollinen hanskankuivain, jonka soveltuvuus muuallekin yll\u00e4tti meid\u00e4t. Kuivain soveltuu p\u00e4iv\u00e4koteihin, rakennusmiehille, palokuntaan, laskettelukeskuksiin ja vaikka mihin! Ensimm\u00e4iset prototyypit saimme valmiiksi syyskuussa 2013. Tuotemerkki SEFFI tuleekin yrityksemme nimest\u00e4, Sport Equipment Finland Oy. Referenssit<\/p>\n","protected":false},"author":1,"featured_media":0,"parent":0,"menu_order":0,"comment_status":"closed","ping_status":"closed","template":"wp-custom-template-tietoa","meta":{"footnotes":""},"class_list":["post-22","page","type-page","status-publish","hentry"],"jetpack_sharing_enabled":true,"_links":{"self":[{"href":"https:\/\/sef.fi\/index.php\/wp-json\/wp\/v2\/pages\/22","targetHints":{"allow":["GET"]}}],"collection":[{"href":"https:\/\/sef.fi\/index.php\/wp-json\/wp\/v2\/pages"}],"about":[{"href":"https:\/\/sef.fi\/index.php\/wp-json\/wp\/v2\/types\/page"}],"author":[{"embeddable":true,"href":"https:\/\/sef.fi\/index.php\/wp-json\/wp\/v2\/users\/1"}],"replies":[{"embeddable":true,"href":"https:\/\/sef.fi\/index.php\/wp-json\/wp\/v2\/comments?post=22"}],"version-history":[{"count":2,"href":"https:\/\/sef.fi\/index.php\/wp-json\/wp\/v2\/pages\/22\/revisions"}],"predecessor-version":[{"id":894,"href":"https:\/\/sef.fi\/index.php\/wp-json\/wp\/v2\/pages\/22\/revisions\/894"}],"wp:attachment":[{"href":"https:\/\/sef.fi\/index.php\/wp-json\/wp\/v2\/media?parent=22"}],"curies":[{"name":"wp","href":"https:\/\/api.w.org\/{rel}","templated":true}]}}